{"id":1076,"date":"2021-02-12T14:41:01","date_gmt":"2021-02-12T14:41:01","guid":{"rendered":"https:\/\/lossandrade.com.br\/?page_id=1076"},"modified":"2026-01-22T14:48:34","modified_gmt":"2026-01-22T14:48:34","slug":"quem-somos","status":"publish","type":"page","link":"https:\/\/lossandrade.com.br\/index.php\/quem-somos\/","title":{"rendered":"Vis\u00e3o, miss\u00e3o e valores"},"content":{"rendered":"<p>[vc_row][vc_column][vc_empty_space height=&#8221;80px&#8221;][\/vc_column][\/vc_row][vc_row full_width=&#8221;stretch_row_content&#8221; equal_height=&#8221;yes&#8221; css_animation=&#8221;fadeIn&#8221; css=&#8221;.vc_custom_1532691249974{padding-top: 0px !important;}&#8221; zindex=&#8221;50&#8243;][vc_column width=&#8221;1\/3&#8243; shadow_hover=&#8221;shadow2&#8243; overflow=&#8221;default&#8221; max_width=&#8221;360px&#8221; css=&#8221;.vc_custom_1769088686005{padding-top: 80px !important;padding-bottom: 60px !important;background-color: #f9f9f9 !important;}&#8221;]\r\n<div class=\"sh-heading  \" id=\"heading-G2SNhDQTep\">\r\n\t<div class=\"sh-element-margin\">\r\n\r\n\t\t\r\n\t\t\t<h2 class=\"sh-heading-content size-m text-center\">\r\n\t\t\t\tVis\u00e3o\t\t\t<\/h2>\r\n\r\n\t\t\r\n\t<\/div>\r\n<\/div>\r\n            <style type=\"text\/css\">\r\n                #heading-G2SNhDQTep .sh-element-margin {}#heading-G2SNhDQTep .sh-heading-content {font-weight: 700!important;color: #505050;}#heading-G2SNhDQTep .sh-heading-content,#heading-G2SNhDQTep .sh-heading-additional-text {}            <\/style>\r\n        \r\n<div id=\"divider-1d3ArNejqz\" class=\"sh-divider sh-divider- sh-divider-content-none\">\r\n\t\t\t<div class=\"sh-divider-line\"><\/div>\r\n\t<\/div>\r\n            <style type=\"text\/css\">\r\n                #divider-1d3ArNejqz {margin: 15px 0px 0px 0px!important;}#divider-1d3ArNejqz.sh-divider-content-none .sh-divider-line {border-radius: 2.5px;border-top-width: 5px;border-top-color: #d8d8d8;border-top-style: solid;max-width: 40px;}            <\/style>\r\n        \r\n            \r\n            <div class=\"sh-empty-space vc_empty_space sh-empty-space-OpTE06c4FX  \" style=\"height: 20px\">\r\n                <span class=\"vc_empty_space_inner\"><\/span>\r\n            <\/div>\r\n\r\n        [vc_column_text css=&#8221;.vc_custom_1769088383581{margin-bottom: 0px !important;}&#8221;]<\/p>\n<p class=\"p1\" style=\"text-align: center;\"><span class=\"s1\">Loss Andrade \u00e9 um escrit\u00f3rio com atua\u00e7\u00e3o exclusiva em solu\u00e7\u00e3o extrajudicial de conflitos, tais como negocia\u00e7\u00e3o, media\u00e7\u00e3o, arbitragem, comit\u00eas de resolu\u00e7\u00e3o de disputas e desenho de sistemas de resolu\u00e7\u00e3o de disputas.<\/span><\/p>\n<p class=\"p1\" style=\"text-align: center;\"><span class=\"s1\">O atendimento t\u00e9cnico e especializado em preven\u00e7\u00e3o e solu\u00e7\u00e3o adequada de disputas por m\u00e9todos dialogados e a aten\u00e7\u00e3o personalizada \u00e0 necessidade de cada cliente s\u00e3o as marcas registradas do nosso trabalho.<\/span><\/p>\n<p>[\/vc_column_text][\/vc_column][vc_column width=&#8221;1\/3&#8243; shadow=&#8221;shadow2&#8243; overflow=&#8221;default&#8221; css=&#8221;.vc_custom_1769088705422{padding-top: 80px !important;padding-bottom: 60px !important;}&#8221; max_width=&#8221;360px&#8221; zindex=&#8221;10&#8243;]\r\n<div class=\"sh-heading  \" id=\"heading-M2w5OdyHhf\">\r\n\t<div class=\"sh-element-margin\">\r\n\r\n\t\t\r\n\t\t\t<h2 class=\"sh-heading-content size-m text-center\">\r\n\t\t\t\tMiss\u00e3o\t\t\t<\/h2>\r\n\r\n\t\t\r\n\t<\/div>\r\n<\/div>\r\n            <style type=\"text\/css\">\r\n                #heading-M2w5OdyHhf .sh-element-margin {}#heading-M2w5OdyHhf .sh-heading-content {font-weight: 700!important;color: #505050;}#heading-M2w5OdyHhf .sh-heading-content,#heading-M2w5OdyHhf .sh-heading-additional-text {}            <\/style>\r\n        \r\n<div id=\"divider-5AwBg04sNl\" class=\"sh-divider sh-divider- sh-divider-content-none\">\r\n\t\t\t<div class=\"sh-divider-line\"><\/div>\r\n\t<\/div>\r\n            <style type=\"text\/css\">\r\n                #divider-5AwBg04sNl {margin: 15px 0px 0px 0px!important;}#divider-5AwBg04sNl.sh-divider-content-none .sh-divider-line {border-radius: 2.5px;border-top-width: 5px;border-top-color: #d8d8d8;border-top-style: solid;max-width: 40px;}            <\/style>\r\n        \r\n            \r\n            <div class=\"sh-empty-space vc_empty_space sh-empty-space-hW02Jgy4tT  \" style=\"height: 20px\">\r\n                <span class=\"vc_empty_space_inner\"><\/span>\r\n            <\/div>\r\n\r\n        [vc_column_text css=&#8221;.vc_custom_1769088394757{margin-bottom: 0px !important;}&#8221;]<\/p>\n<p style=\"text-align: center;\">Nosso objetivo \u00e9 a promo\u00e7\u00e3o de resultados pr\u00e1ticos, sustent\u00e1veis e juridicamente seguros, por meio da condu\u00e7\u00e3o t\u00e9cnica e estrat\u00e9gica de m\u00e9todos adequados de resolu\u00e7\u00e3o de disputas. Atuamos com foco no manejo eficiente de conflitos, sempre com aten\u00e7\u00e3o personalizada \u00e0s necessidades de cada cliente e com absoluto compromisso com a integridade, a prud\u00eancia e o di\u00e1logo.<\/p>\n<p>[\/vc_column_text][\/vc_column][vc_column width=&#8221;1\/3&#8243; shadow_hover=&#8221;shadow2&#8243; overflow=&#8221;default&#8221; css=&#8221;.vc_custom_1769088713827{padding-top: 80px !important;padding-bottom: 60px !important;background-color: #f9f9f9 !important;}&#8221; max_width=&#8221;360px&#8221;]\r\n<div class=\"sh-heading  \" id=\"heading-L5IpdlqOxT\">\r\n\t<div class=\"sh-element-margin\">\r\n\r\n\t\t\r\n\t\t\t<h2 class=\"sh-heading-content size-m text-center\">\r\n\t\t\t\tValores\t\t\t<\/h2>\r\n\r\n\t\t\r\n\t<\/div>\r\n<\/div>\r\n            <style type=\"text\/css\">\r\n                #heading-L5IpdlqOxT .sh-element-margin {}#heading-L5IpdlqOxT .sh-heading-content {font-weight: 700!important;color: #505050;}#heading-L5IpdlqOxT .sh-heading-content,#heading-L5IpdlqOxT .sh-heading-additional-text {}            <\/style>\r\n        \r\n<div id=\"divider-NsZY52TDzh\" class=\"sh-divider sh-divider- sh-divider-content-none\">\r\n\t\t\t<div class=\"sh-divider-line\"><\/div>\r\n\t<\/div>\r\n            <style type=\"text\/css\">\r\n                #divider-NsZY52TDzh {margin: 15px 0px 0px 0px!important;}#divider-NsZY52TDzh.sh-divider-content-none .sh-divider-line {border-radius: 2.5px;border-top-width: 5px;border-top-color: #d8d8d8;border-top-style: solid;max-width: 40px;}            <\/style>\r\n        \r\n            \r\n            <div class=\"sh-empty-space vc_empty_space sh-empty-space-eoFBjHrInA  \" style=\"height: 20px\">\r\n                <span class=\"vc_empty_space_inner\"><\/span>\r\n            <\/div>\r\n\r\n        [vc_column_text css=&#8221;.vc_custom_1769088403692{margin-bottom: 0px !important;}&#8221;]<\/p>\n<p class=\"p1\" style=\"text-align: center;\"><span class=\"s1\">Integridade, p<\/span><span class=\"s1\">rud\u00eancia, s<\/span><span class=\"s1\">ustentabilidade e d<\/span><span class=\"s1\">i\u00e1logo.<\/span><\/p>\n<p>[\/vc_column_text][\/vc_column][\/vc_row][vc_row full_width=&#8221;stretch_row_content_no_spaces&#8221; equal_height=&#8221;yes&#8221; content_placement=&#8221;middle&#8221; css=&#8221;.vc_custom_1537542183399{margin-bottom: 0px !important;padding-bottom: 0px !important;}&#8221;][vc_column width=&#8221;1\/6&#8243;][\/vc_column][vc_column css_animation=&#8221;fadeInLeft&#8221; width=&#8221;2\/6&#8243; max_width=&#8221;480&#8243; padding_tablet=&#8221;30px 30px 0px 30px&#8221; css=&#8221;.vc_custom_1549552234702{padding-top: 50px !important;padding-bottom: 50px !important;}&#8221;]\r\n\r\n\t<div class=\"sh-heading sh-heading-style1\" id=\"heading-r5pT6al08i\">\r\n\t\t<h2 class=\"sh-heading-content size-xl\">\r\n\t\t\t<\/span>\n<span style=\"text-align: left;\"><b>Juliana <\/b>Loss de Andrade<\/span>\n<span>\t\t<\/h2>\r\n\t<\/div>\r\n\r\n            <style type=\"text\/css\">\r\n                #heading-r5pT6al08i .sh-heading-content {font-weight: 300!important;color: #363636;}            <\/style>\r\n        \r\n            \r\n            <div class=\"sh-empty-space vc_empty_space sh-empty-space-z3LBmq5b4Q  \" style=\"height: 50px\">\r\n                <span class=\"vc_empty_space_inner\"><\/span>\r\n            <\/div>\r\n\r\n        [vc_column_text]S\u00f3cia na Loss Andrade Solu\u00e7\u00e3o de Conflitos, Juliana Loss de Andrade \u00e9 advogada e Presidente da Comiss\u00e3o de Media\u00e7\u00e3o da OAB RJ.<br \/>\nMediadora Judicial com atua\u00e7\u00e3o em tribunais e Mediadora Extrajudicial em diversas institui\u00e7\u00f5es.<br \/>\nCoordenadora T\u00e9cnica da FGV Media\u00e7\u00e3o.<br \/>\nCoordenadora Executiva do Centro de Inova\u00e7\u00e3o e Pesquisa do Judici\u00e1rio da FGV.<br \/>\nConsultora da FGV C\u00e2mara de Media\u00e7\u00e3o e Arbitragem.<br \/>\nMembro do Comit\u00ea Gestor da Concilia\u00e7\u00e3o do CNJ.<br \/>\nProfessora de negocia\u00e7\u00e3o na FGV EBAPE, LLM FGV Direito Rio, EMERJ e Universidade Carlos III de Madrid.<br \/>\nInstrutora de Media\u00e7\u00e3o do Conselho Nacional de Justi\u00e7a.<br \/>\nMestre pela Universidade Carlos III de Madrid e doutora em direito pela Universidade Paris I Panth\u00e9on Sorbonne.<br \/>\nCoordenadora do curso de especializa\u00e7\u00e3o em M\u00e9todos adequados de resolu\u00e7\u00e3o de conflitos do CEPED na UERJ.[\/vc_column_text]\r\n<div id=\"button-5N1c9j7GXs\" class=\"sh-button-container  sh-button-style-1\">\r\n\t<div class=\"sh-element-margin\">\r\n\t\t<a href=\"http:\/\/lattes.cnpq.br\/5864490480884774\" target=\"_self\" class=\"sh-button sh-button-medium \">\r\n\r\n\t\t\t\r\n\t\t\t\t\t\t\t<span class=\"sh-button-text\">\r\n\t\t\t\t\tSaiba Mais\t\t\t\t<\/span>\r\n\t\t\t\r\n\t\t\t\r\n\t\t<\/a>\r\n\t\t\t<\/div>\r\n<\/div>\r\n            <style type=\"text\/css\">\r\n                #button-5N1c9j7GXs .sh-button {font-size: 12px;border-radius: 45px;background-color: #bb835c;color: #ffffff;border: 2px solid transparent;}#button-5N1c9j7GXs {}#button-5N1c9j7GXs:not(.sh-button-style-2) .sh-button:hover {background-color: rgba(0,0,0,0.01);color: #bb835c;border: 2px solid #bb835c;}#button-5N1c9j7GXs.sh-button-style-2 .sh-button:after {background-color: rgba(0,0,0,0.01);}#button-5N1c9j7GXs.sh-button-style-2 .sh-button:hover {color: #bb835c;border: 2px solid #bb835c;}@media (max-width: 800px) {#button-5N1c9j7GXs {text-align: left;}}            <\/style>\r\n        \r\n                            <style media=\"screen\">\r\n                    @media (max-width: 1025px) {\r\n                        .sh-empty-space-JPktura8ve {\r\n                            height: 20px!important;\r\n                        }\r\n                    }\r\n                <\/style>\r\n            \r\n            <div class=\"sh-empty-space vc_empty_space sh-empty-space-JPktura8ve  \" style=\"height: 50px\">\r\n                <span class=\"vc_empty_space_inner\"><\/span>\r\n            <\/div>\r\n\r\n        [\/vc_column][vc_column width=&#8221;3\/6&#8243;]\r\n<div id=\"single-image-PMjsRpGhyB\" class=\"sh-single-image  \">\r\n\t<div class=\"sh-element-margin\">\r\n\t\t\r\n\t\t\r\n\t\t\t<div class=\"sh-single-image-container\">\r\n\t\t\t\t\t\t\t\t\t\t\t\t\t\t\t<a href=\"https:\/\/lossandrade.com.br\/wp-content\/uploads\/2025\/07\/JuLoss-68-removebg-preview.png\" rel=\"lightbox\">\r\n\t\t\t\t\t\r\n\t\t\t\t\t\t\t\t\t\t\t\t\t<img decoding=\"async\" class=\"sh-image-url\" src=\"https:\/\/lossandrade.com.br\/wp-content\/uploads\/2025\/07\/JuLoss-68-removebg-preview.png\" alt=\"JuLoss-68-removebg-preview\" \/>\r\n\t\t\t\t\t\t\t\t\t\t\t\t\t\r\n\t\t\t\t\t\t\t\t\t\t\t<\/a>\r\n\t\t\t\t\t\t\t\t\t\r\n\t\t\t\t\t\t\t<\/div>\r\n\r\n\t\t\r\n\t<\/div>\r\n<\/div>\r\n            <style type=\"text\/css\">\r\n                #single-image-PMjsRpGhyB {text-align: right;}#single-image-PMjsRpGhyB .sh-single-image-container {border-radius: 2px;}#single-image-PMjsRpGhyB .sh-element-margin {margin: 0px 150px 100px 0px;}            <\/style>\r\n        [\/vc_column][\/vc_row]<\/p>\n","protected":false},"excerpt":{"rendered":"<p>[vc_row][vc_column][vc_empty_space height=&#8221;80px&#8221;][\/vc_column][\/vc_row][vc_row full_width=&#8221;stretch_row_content&#8221; equal_height=&#8221;yes&#8221; css_animation=&#8221;fadeIn&#8221; css=&#8221;.vc_custom_1532691249974{padding-top: 0px !important;}&#8221; zindex=&#8221;50&#8243;][vc_column width=&#8221;1\/3&#8243; shadow_hover=&#8221;shadow2&#8243; overflow=&#8221;default&#8221; max_width=&#8221;360px&#8221; css=&#8221;.vc_custom_1769088686005{padding-top: 80px !important;padding-bottom: 60px !important;background-color: #f9f9f9 !important;}&#8221;]&#8230;<\/p>\n","protected":false},"author":1,"featured_media":0,"parent":0,"menu_order":0,"comment_status":"closed","ping_status":"closed","template":"","meta":{"footnotes":""},"class_list":["post-1076","page","type-page","status-publish","hentry"],"yoast_head":"<!-- This site is optimized with the Yoast SEO plugin v27.4 - https:\/\/yoast.com\/product\/yoast-seo-wordpress\/ -->\n<title>Vis\u00e3o, miss\u00e3o e valores - LOSS ANDRADE<\/title>\n<meta name=\"robots\" content=\"index, follow, max-snippet:-1, max-image-preview:large, max-video-preview:-1\" \/>\n<link rel=\"canonical\" href=\"https:\/\/lossandrade.com.br\/index.php\/quem-somos\/\" \/>\n<meta property=\"og:locale\" content=\"pt_BR\" \/>\n<meta property=\"og:type\" content=\"article\" \/>\n<meta property=\"og:title\" content=\"Vis\u00e3o, miss\u00e3o e valores - LOSS ANDRADE\" \/>\n<meta property=\"og:description\" content=\"[vc_row][vc_column][vc_empty_space height=&#8221;80px&#8221;][\/vc_column][\/vc_row][vc_row full_width=&#8221;stretch_row_content&#8221; equal_height=&#8221;yes&#8221; css_animation=&#8221;fadeIn&#8221; css=&#8221;.vc_custom_1532691249974{padding-top: 0px !important;}&#8221; zindex=&#8221;50&#8243;][vc_column width=&#8221;1\/3&#8243; shadow_hover=&#8221;shadow2&#8243; overflow=&#8221;default&#8221; max_width=&#8221;360px&#8221; css=&#8221;.vc_custom_1769088686005{padding-top: 80px !important;padding-bottom: 60px !important;background-color: #f9f9f9 !important;}&#8221;]...\" \/>\n<meta property=\"og:url\" content=\"https:\/\/lossandrade.com.br\/index.php\/quem-somos\/\" \/>\n<meta property=\"og:site_name\" content=\"LOSS ANDRADE\" \/>\n<meta property=\"article:modified_time\" content=\"2026-01-22T14:48:34+00:00\" \/>\n<meta name=\"twitter:card\" content=\"summary_large_image\" \/>\n<meta name=\"twitter:label1\" content=\"Est. tempo de leitura\" \/>\n\t<meta name=\"twitter:data1\" content=\"3 minutos\" \/>\n<script type=\"application\/ld+json\" class=\"yoast-schema-graph\">{\"@context\":\"https:\\\/\\\/schema.org\",\"@graph\":[{\"@type\":\"WebPage\",\"@id\":\"https:\\\/\\\/lossandrade.com.br\\\/index.php\\\/quem-somos\\\/\",\"url\":\"https:\\\/\\\/lossandrade.com.br\\\/index.php\\\/quem-somos\\\/\",\"name\":\"Vis\u00e3o, miss\u00e3o e valores - LOSS ANDRADE\",\"isPartOf\":{\"@id\":\"https:\\\/\\\/lossandrade.com.br\\\/#website\"},\"datePublished\":\"2021-02-12T14:41:01+00:00\",\"dateModified\":\"2026-01-22T14:48:34+00:00\",\"breadcrumb\":{\"@id\":\"https:\\\/\\\/lossandrade.com.br\\\/index.php\\\/quem-somos\\\/#breadcrumb\"},\"inLanguage\":\"pt-BR\",\"potentialAction\":[{\"@type\":\"ReadAction\",\"target\":[\"https:\\\/\\\/lossandrade.com.br\\\/index.php\\\/quem-somos\\\/\"]}]},{\"@type\":\"BreadcrumbList\",\"@id\":\"https:\\\/\\\/lossandrade.com.br\\\/index.php\\\/quem-somos\\\/#breadcrumb\",\"itemListElement\":[{\"@type\":\"ListItem\",\"position\":1,\"name\":\"Home\",\"item\":\"https:\\\/\\\/lossandrade.com.br\\\/\"},{\"@type\":\"ListItem\",\"position\":2,\"name\":\"Vis\u00e3o, miss\u00e3o e valores\"}]},{\"@type\":\"WebSite\",\"@id\":\"https:\\\/\\\/lossandrade.com.br\\\/#website\",\"url\":\"https:\\\/\\\/lossandrade.com.br\\\/\",\"name\":\"LOSS ANDRADE\",\"description\":\"Solu\u00e7\u00f5es Extrajudiciais  de Conflitos\",\"potentialAction\":[{\"@type\":\"SearchAction\",\"target\":{\"@type\":\"EntryPoint\",\"urlTemplate\":\"https:\\\/\\\/lossandrade.com.br\\\/?s={search_term_string}\"},\"query-input\":{\"@type\":\"PropertyValueSpecification\",\"valueRequired\":true,\"valueName\":\"search_term_string\"}}],\"inLanguage\":\"pt-BR\"}]}<\/script>\n<!-- \/ Yoast SEO plugin. -->","yoast_head_json":{"title":"Vis\u00e3o, miss\u00e3o e valores - LOSS ANDRADE","robots":{"index":"index","follow":"follow","max-snippet":"max-snippet:-1","max-image-preview":"max-image-preview:large","max-video-preview":"max-video-preview:-1"},"canonical":"https:\/\/lossandrade.com.br\/index.php\/quem-somos\/","og_locale":"pt_BR","og_type":"article","og_title":"Vis\u00e3o, miss\u00e3o e valores - LOSS ANDRADE","og_description":"[vc_row][vc_column][vc_empty_space height=&#8221;80px&#8221;][\/vc_column][\/vc_row][vc_row full_width=&#8221;stretch_row_content&#8221; equal_height=&#8221;yes&#8221; css_animation=&#8221;fadeIn&#8221; css=&#8221;.vc_custom_1532691249974{padding-top: 0px !important;}&#8221; zindex=&#8221;50&#8243;][vc_column width=&#8221;1\/3&#8243; shadow_hover=&#8221;shadow2&#8243; overflow=&#8221;default&#8221; max_width=&#8221;360px&#8221; css=&#8221;.vc_custom_1769088686005{padding-top: 80px !important;padding-bottom: 60px !important;background-color: #f9f9f9 !important;}&#8221;]...","og_url":"https:\/\/lossandrade.com.br\/index.php\/quem-somos\/","og_site_name":"LOSS ANDRADE","article_modified_time":"2026-01-22T14:48:34+00:00","twitter_card":"summary_large_image","twitter_misc":{"Est. tempo de leitura":"3 minutos"},"schema":{"@context":"https:\/\/schema.org","@graph":[{"@type":"WebPage","@id":"https:\/\/lossandrade.com.br\/index.php\/quem-somos\/","url":"https:\/\/lossandrade.com.br\/index.php\/quem-somos\/","name":"Vis\u00e3o, miss\u00e3o e valores - LOSS ANDRADE","isPartOf":{"@id":"https:\/\/lossandrade.com.br\/#website"},"datePublished":"2021-02-12T14:41:01+00:00","dateModified":"2026-01-22T14:48:34+00:00","breadcrumb":{"@id":"https:\/\/lossandrade.com.br\/index.php\/quem-somos\/#breadcrumb"},"inLanguage":"pt-BR","potentialAction":[{"@type":"ReadAction","target":["https:\/\/lossandrade.com.br\/index.php\/quem-somos\/"]}]},{"@type":"BreadcrumbList","@id":"https:\/\/lossandrade.com.br\/index.php\/quem-somos\/#breadcrumb","itemListElement":[{"@type":"ListItem","position":1,"name":"Home","item":"https:\/\/lossandrade.com.br\/"},{"@type":"ListItem","position":2,"name":"Vis\u00e3o, miss\u00e3o e valores"}]},{"@type":"WebSite","@id":"https:\/\/lossandrade.com.br\/#website","url":"https:\/\/lossandrade.com.br\/","name":"LOSS ANDRADE","description":"Solu\u00e7\u00f5es Extrajudiciais  de Conflitos","potentialAction":[{"@type":"SearchAction","target":{"@type":"EntryPoint","urlTemplate":"https:\/\/lossandrade.com.br\/?s={search_term_string}"},"query-input":{"@type":"PropertyValueSpecification","valueRequired":true,"valueName":"search_term_string"}}],"inLanguage":"pt-BR"}]}},"amp_enabled":true,"_links":{"self":[{"href":"https:\/\/lossandrade.com.br\/index.php\/wp-json\/wp\/v2\/pages\/1076","targetHints":{"allow":["GET"]}}],"collection":[{"href":"https:\/\/lossandrade.com.br\/index.php\/wp-json\/wp\/v2\/pages"}],"about":[{"href":"https:\/\/lossandrade.com.br\/index.php\/wp-json\/wp\/v2\/types\/page"}],"author":[{"embeddable":true,"href":"https:\/\/lossandrade.com.br\/index.php\/wp-json\/wp\/v2\/users\/1"}],"replies":[{"embeddable":true,"href":"https:\/\/lossandrade.com.br\/index.php\/wp-json\/wp\/v2\/comments?post=1076"}],"version-history":[{"count":56,"href":"https:\/\/lossandrade.com.br\/index.php\/wp-json\/wp\/v2\/pages\/1076\/revisions"}],"predecessor-version":[{"id":1374,"href":"https:\/\/lossandrade.com.br\/index.php\/wp-json\/wp\/v2\/pages\/1076\/revisions\/1374"}],"wp:attachment":[{"href":"https:\/\/lossandrade.com.br\/index.php\/wp-json\/wp\/v2\/media?parent=1076"}],"curies":[{"name":"wp","href":"https:\/\/api.w.org\/{rel}","templated":true}]}}